{"id":409,"date":"2026-03-03T14:39:34","date_gmt":"2026-03-03T13:39:34","guid":{"rendered":"https:\/\/numherit.fr\/?page_id=409"},"modified":"2026-03-06T10:16:51","modified_gmt":"2026-03-06T09:16:51","slug":"questions-reponses","status":"publish","type":"page","link":"https:\/\/numherit.fr\/?page_id=409","title":{"rendered":"Questions &#8211; R\u00e9ponses"},"content":{"rendered":"<p>[et_pb_section fb_built=\u00a0\u00bb1&Prime; _builder_version=\u00a0\u00bb4.27.0&Prime; _module_preset=\u00a0\u00bbdefault\u00a0\u00bb background_color=\u00a0\u00bb#f49e11&Prime; top_divider_height=\u00a0\u00bb40px\u00a0\u00bb global_colors_info=\u00a0\u00bb{}\u00a0\u00bb][et_pb_row _builder_version=\u00a0\u00bb4.27.0&Prime; _module_preset=\u00a0\u00bbdefault\u00a0\u00bb custom_padding=\u00a0\u00bb0px||0px|||\u00a0\u00bb global_colors_info=\u00a0\u00bb{}\u00a0\u00bb][et_pb_column type=\u00a0\u00bb4_4&Prime; _builder_version=\u00a0\u00bb4.27.0&Prime; _module_preset=\u00a0\u00bbdefault\u00a0\u00bb global_colors_info=\u00a0\u00bb{}\u00a0\u00bb][et_pb_text _builder_version=\u00a0\u00bb4.27.0&Prime; _module_preset=\u00a0\u00bbdefault\u00a0\u00bb text_font_size=\u00a0\u00bb40px\u00a0\u00bb global_colors_info=\u00a0\u00bb{}\u00a0\u00bb]<\/p>\n<p><strong>Questions &#8211; R\u00e9ponses<\/strong><\/p>\n<p>[\/et_pb_text][\/et_pb_column][\/et_pb_row][et_pb_row _builder_version=\u00a0\u00bb4.27.0&Prime; _module_preset=\u00a0\u00bbdefault\u00a0\u00bb custom_padding=\u00a0\u00bb0px|||||\u00a0\u00bb hover_enabled=\u00a0\u00bb0&Prime; global_colors_info=\u00a0\u00bb{}\u00a0\u00bb background_color=\u00a0\u00bb#FFFFFF\u00a0\u00bb sticky_enabled=\u00a0\u00bb0&Prime;][et_pb_column type=\u00a0\u00bb4_4&Prime; _builder_version=\u00a0\u00bb4.27.0&Prime; _module_preset=\u00a0\u00bbdefault\u00a0\u00bb global_colors_info=\u00a0\u00bb{}\u00a0\u00bb][et_pb_accordion _builder_version=\u00a0\u00bb4.27.0&Prime; _module_preset=\u00a0\u00bbdefault\u00a0\u00bb hover_enabled=\u00a0\u00bb0&Prime; global_colors_info=\u00a0\u00bb{}\u00a0\u00bb sticky_enabled=\u00a0\u00bb0&Prime;][et_pb_accordion_item title=\u00a0\u00bb\u00c0 qui s\u2019adresse NumHerit ?\u00a0\u00bb open=\u00a0\u00bboff\u00a0\u00bb _builder_version=\u00a0\u00bb4.27.0&Prime; _module_preset=\u00a0\u00bbdefault\u00a0\u00bb global_colors_info=\u00a0\u00bb{}\u00a0\u00bb]<\/p>\n<p>NumHerit s\u2019adresse \u00e0 toute personne souhaitant organiser son h\u00e9ritage num\u00e9rique : particuliers, familles, proches aidants, ind\u00e9pendants, ou toute personne soucieuse de simplifier la transmission de ses informations.<\/p>\n<p>[\/et_pb_accordion_item][et_pb_accordion_item title=\u00a0\u00bbQu\u2019est-ce que l\u2019h\u00e9ritage num\u00e9rique ? \u00a0\u00bb _builder_version=\u00a0\u00bb4.27.0&Prime; _module_preset=\u00a0\u00bbdefault\u00a0\u00bb global_colors_info=\u00a0\u00bb{}\u00a0\u00bb open=\u00a0\u00bboff\u00a0\u00bb]<\/p>\n<p>L\u2019h\u00e9ritage num\u00e9rique d\u00e9signe le processus de succession de l\u2019ensemble des donn\u00e9es num\u00e9riques importantes : informations, comptes, documents et souvenirs num\u00e9riques qu\u2019une personne laisse derri\u00e8re elle.<br \/>Le processus inclut aussi la transmission des volont\u00e9s au-del\u00e0 de celle des donn\u00e9es.<span class=\"Apple-converted-space\">\u00a0<\/span><\/p>\n<p>[\/et_pb_accordion_item][et_pb_accordion_item title=\u00a0\u00bbQu\u2019est-ce qu\u2019un h\u00e9ritier num\u00e9rique ?\u00a0\u00bb _builder_version=\u00a0\u00bb4.27.0&Prime; _module_preset=\u00a0\u00bbdefault\u00a0\u00bb global_colors_info=\u00a0\u00bb{}\u00a0\u00bb open=\u00a0\u00bboff\u00a0\u00bb]<\/p>\n<p>Les h\u00e9ritiers num\u00e9riques sont les destinataires choisis par vous , pour r\u00e9ceptionner au moment choisi une partie de vos donn\u00e9es num\u00e9riques (documents importants, comptes..), volont\u00e9s ou capsules souvenirs .\u00a0Vous pouvez choisir autant de destinataires que vous voulez, et faire des modifications aussi souvent que vous le voulez.<span class=\"Apple-converted-space\">\u00a0<\/span><\/p>\n<p>[\/et_pb_accordion_item][et_pb_accordion_item title=\u00a0\u00bbNumHerit remplace-t-il le notaire ?\u00a0\u00bb _builder_version=\u00a0\u00bb4.27.0&Prime; _module_preset=\u00a0\u00bbdefault\u00a0\u00bb global_colors_info=\u00a0\u00bb{}\u00a0\u00bb open=\u00a0\u00bboff\u00a0\u00bb]<\/p>\n<p>NumHerit n\u2019est pas un office notarial. Il permet ceci dit la transition des informations et documents essentiels qui permettront entre autres de faciliter l\u2019identification des comptes et ne rien oublier. \u00a0Ce service permettra de soulager la charge des d\u00e9marches de vos proches.<span class=\"Apple-converted-space\"> \u00a0<\/span>Un notaire a ce titre peut \u00eatre choisi comme destinataire d\u2019une partie de vos donn\u00e9es, afin de r\u00e9cup\u00e9rer de mani\u00e8re s\u00e9curis\u00e9e l\u2019ensemble des comptes et \u00eatre encore plus efficace.<\/p>\n<p>[\/et_pb_accordion_item][et_pb_accordion_item title=\u00a0\u00bbEn quoi NumHerit est-il diff\u00e9rent d\u2019un simple coffre-fort num\u00e9rique ?\u00a0\u00bb _builder_version=\u00a0\u00bb4.27.0&Prime; _module_preset=\u00a0\u00bbdefault\u00a0\u00bb global_colors_info=\u00a0\u00bb{}\u00a0\u00bb open=\u00a0\u00bboff\u00a0\u00bb]<\/p>\n<p>NumHerit offre davantage qu\u2019un simple espace de stockage s\u00e9curis\u00e9, NumHerit vous guide pour structurer et organiser vos donn\u00e9es importantes et cr\u00e9er des albums souvenirs, de plus NumHerit offre un service unique pour assurer la transmission des donn\u00e9es segment\u00e9es comme vous voulez, au moment ou vous le voulez, pour un ou plusieurs b\u00e9n\u00e9ficiaires que vous choisirez.<\/p>\n<p>[\/et_pb_accordion_item][et_pb_accordion_item title=\u00a0\u00bbMes donn\u00e9es sont-elles vraiment s\u00e9curis\u00e9es ?\u00a0\u00bb _builder_version=\u00a0\u00bb4.27.0&Prime; _module_preset=\u00a0\u00bbdefault\u00a0\u00bb global_colors_info=\u00a0\u00bb{}\u00a0\u00bb open=\u00a0\u00bboff\u00a0\u00bb]<\/p>\n<p>Oui. Les donn\u00e9es sont chiffr\u00e9es de bout en bout, h\u00e9berg\u00e9es en France et prot\u00e9g\u00e9es selon les normes de s\u00e9curit\u00e9 les plus \u00e9lev\u00e9es, dans le respect du RGPD.<\/p>\n<p>[\/et_pb_accordion_item][et_pb_accordion_item title=\u00a0\u00bbNumHerit peut-il acc\u00e9der \u00e0 mes donn\u00e9es ?\u00a0\u00bb _builder_version=\u00a0\u00bb4.27.0&Prime; _module_preset=\u00a0\u00bbdefault\u00a0\u00bb global_colors_info=\u00a0\u00bb{}\u00a0\u00bb open=\u00a0\u00bboff\u00a0\u00bb]<\/p>\n<p>Non. NumHerit n\u2019exploite, ne lit et ne revend jamais vos donn\u00e9es. Elles restent sous votre contr\u00f4le exclusif.<\/p>\n<p>[\/et_pb_accordion_item][et_pb_accordion_item title=\u00a0\u00bbQui peut acc\u00e9der \u00e0 mes informations ?\u00a0\u00bb _builder_version=\u00a0\u00bb4.27.0&Prime; _module_preset=\u00a0\u00bbdefault\u00a0\u00bb global_colors_info=\u00a0\u00bb{}\u00a0\u00bb open=\u00a0\u00bboff\u00a0\u00bb]<\/p>\n<p>Les informations et les donn\u00e9es stock\u00e9es ne sont accessibles que par vous. Numherit n\u2019a pas acc\u00e8s \u00e0 vos donn\u00e9es. Les b\u00e9n\u00e9ficiaires auront acc\u00e8s aux donn\u00e9es choisies par vous, uniquement au moment voulu, de votre vivant ou apr\u00e8s le d\u00e9c\u00e8s.<\/p>\n<p>[\/et_pb_accordion_item][et_pb_accordion_item title=\u00a0\u00bbPuis-je modifier ou supprimer mes informations \u00e0 tout moment ?\u00a0\u00bb _builder_version=\u00a0\u00bb4.27.0&Prime; _module_preset=\u00a0\u00bbdefault\u00a0\u00bb global_colors_info=\u00a0\u00bb{}\u00a0\u00bb open=\u00a0\u00bboff\u00a0\u00bb]<\/p>\n<p>Oui. Vous pouvez modifier, compl\u00e9ter ou supprimer vos informations et vos choix d\u2019acc\u00e8s \u00e0 tout moment, tant que vous \u00eates utilisateur du service.<\/p>\n<p>[\/et_pb_accordion_item][et_pb_accordion_item title=\u00a0\u00bb\u00c0 quel moment mes proches auront-ils acc\u00e8s \u00e0 mes informations ?\u00a0\u00bb _builder_version=\u00a0\u00bb4.27.0&Prime; _module_preset=\u00a0\u00bbdefault\u00a0\u00bb global_colors_info=\u00a0\u00bb{}\u00a0\u00bb open=\u00a0\u00bboff\u00a0\u00bb]<\/p>\n<p>Vous choisissez le moment : apr\u00e8s votre d\u00e9c\u00e8s ou \u00e0 une date que vous d\u00e9finissez \u00e0 l\u2019avance. Vous pouvez modifier ces param\u00e8tres \u00e0 tout moment. Les capsules affectives de type souvenirs, peuvent \u00eatre \u00e9chang\u00e9es de votre vivant et m\u00eame d\u00e9velopp\u00e9es avec vos proches, ce qui peut donner lieu a de chaleureux \u00e9changes.<\/p>\n<p>[\/et_pb_accordion_item][et_pb_accordion_item title=\u00a0\u00bbMes b\u00e9n\u00e9ficiaires \u201ch\u00e9ritiers num\u00e9riques\u201d auront-ils de frais pour r\u00e9cup\u00e9rer les donn\u00e9es?\u00a0\u00bb _builder_version=\u00a0\u00bb4.27.0&Prime; _module_preset=\u00a0\u00bbdefault\u00a0\u00bb global_colors_info=\u00a0\u00bb{}\u00a0\u00bb open=\u00a0\u00bboff\u00a0\u00bb]<\/p>\n<p>Non les b\u00e9n\u00e9ficiaires n\u2019auront aucun frais, ils ne sont pas les clients directs, ils r\u00e9cup\u00e9reront les donn\u00e9es ainsi que des kits d\u2019utilisation pour faciliter leur d\u00e9marches.<span class=\"Apple-converted-space\"> \u00a0<\/span>Gr\u00e2ce a votre effort, la transmission sera assur\u00e9e sans conflits.<\/p>\n<p>[\/et_pb_accordion_item][et_pb_accordion_item title=\u00a0\u00bbLes destinataires sont-ils oblig\u00e9s d\u2019ouvrir les capsules num\u00e9riques ?\u00a0\u00bb _builder_version=\u00a0\u00bb4.27.0&Prime; _module_preset=\u00a0\u00bbdefault\u00a0\u00bb global_colors_info=\u00a0\u00bb{}\u00a0\u00bb open=\u00a0\u00bboff\u00a0\u00bb]<\/p>\n<p>Non. Les destinataires restent enti\u00e8rement libres d\u2019ouvrir ou non une capsule num\u00e9rique qui leur est transmise.<\/p>\n<p>[\/et_pb_accordion_item][et_pb_accordion_item title=\u00a0\u00bbQue se passe-t-il si je change d\u2019avis ou de b\u00e9n\u00e9ficiaire ?\u00a0\u00bb _builder_version=\u00a0\u00bb4.27.0&Prime; _module_preset=\u00a0\u00bbdefault\u00a0\u00bb global_colors_info=\u00a0\u00bb{}\u00a0\u00bb open=\u00a0\u00bboff\u00a0\u00bb]<\/p>\n<p>Vous pouvez changer de b\u00e9n\u00e9ficiaire, modifier les acc\u00e8s ou r\u00e9organiser vos informations \u00e0 tout moment depuis votre espace personnel.<\/p>\n<p>[\/et_pb_accordion_item][et_pb_accordion_item title=\u00a0\u00bbComment un d\u00e9c\u00e8s est il signal\u00e9 ? \u00a0\u00bb _builder_version=\u00a0\u00bb4.27.0&Prime; _module_preset=\u00a0\u00bbdefault\u00a0\u00bb global_colors_info=\u00a0\u00bb{}\u00a0\u00bb open=\u00a0\u00bboff\u00a0\u00bb]<\/p>\n<p>NumHerit consulte au quotidien les mises \u00e0 jour des d\u00e9c\u00e8s aupr\u00e8s de l\u2019INSEE afin de les identifier automatiquement. Toute personne peut par ailleurs signaler le d\u00e9c\u00e8s d\u2019un souscripteur de NumHerit sur le site <a href=\"http:\/\/numherit.fr\/\"><span>numherit.fr<\/span><\/a> en fournissant un certificat de d\u00e9c\u00e8s. NumHerit v\u00e9rifiera alors l\u2019authenticit\u00e9 de l&rsquo;acte.<\/p>\n<p>[\/et_pb_accordion_item][et_pb_accordion_item title=\u00a0\u00bbNumHerit est-il destin\u00e9 uniquement \u00e0 des personnes ag\u00e9es ? \u00a0\u00bb _builder_version=\u00a0\u00bb4.27.0&Prime; _module_preset=\u00a0\u00bbdefault\u00a0\u00bb global_colors_info=\u00a0\u00bb{}\u00a0\u00bb open=\u00a0\u00bboff\u00a0\u00bb]<\/p>\n<p>NumHerit s\u2019adresse aux personnes de toutes g\u00e9n\u00e9rations, soucieux de prot\u00e9ger leurs volont\u00e9s, leurs donn\u00e9es num\u00e9riques, et de soulager leurs proches dans le cas o\u00f9 un d\u00e9c\u00e8s survient. C\u2019est un acte de pr\u00e9caution au m\u00eame titre qu\u2019une assurance sur la personne en somme, on doit se prot\u00e9ger contre les al\u00e9as de la vie m\u00eame s\u2019ils semblent improbables, et ce au prix d\u2019un abonnement peu on\u00e9reux.<\/p>\n<p>[\/et_pb_accordion_item][et_pb_accordion_item title=\u00a0\u00bbPourquoi NumHerit alors que je peux par exemple stocker mes donn\u00e9es importantes sur un disque dur ind\u00e9pendant ? \u00a0\u00bb _builder_version=\u00a0\u00bb4.27.0&Prime; _module_preset=\u00a0\u00bbdefault\u00a0\u00bb global_colors_info=\u00a0\u00bb{}\u00a0\u00bb open=\u00a0\u00bboff\u00a0\u00bb]<\/p>\n<p>Les donn\u00e9es stock\u00e9es sur un disque dur peuvent dans le temps se d\u00e9t\u00e9riorer ou ne plus \u00eatre compatibles avec les syst\u00e8mes d\u2019exploitation qui \u00e9voluent.<span class=\"Apple-converted-space\">\u00a0<\/span><\/p>\n<p>Par ailleurs un tel processus suppose qu\u2019un seul b\u00e9n\u00e9ficiaire r\u00e9cup\u00e8re l\u2019ensemble des donn\u00e9es. Un des int\u00e9r\u00eats de NumHerit est de pouvoir segmenter et transf\u00e9rer des donn\u00e9es diff\u00e9rentes (acc\u00e8s, messages, souvenirs) \u00e0 des b\u00e9n\u00e9ficiaires multiples (\u00e9poux(se), enfants ou amis proches).\u00a0<\/p>\n<p>[\/et_pb_accordion_item][et_pb_accordion_item title=\u00a0\u00bbQue se passe-t-il si je n\u2019utilise pas NumHerit ?\u00a0\u00bb _builder_version=\u00a0\u00bb4.27.0&Prime; _module_preset=\u00a0\u00bbdefault\u00a0\u00bb global_colors_info=\u00a0\u00bb{}\u00a0\u00bb open=\u00a0\u00bboff\u00a0\u00bb]<\/p>\n<p>Sans organisation pr\u00e9alable, vos proches devront retrouver seuls vos informations num\u00e9riques, souvent dans l\u2019urgence, avec un risque de perte, de stress et de d\u00e9marches longues, avec des conflits potentiels si les proches ne sont pas d\u2019accord.<span class=\"Apple-converted-space\"> \u00a0<\/span>Outre les comptes, vos photos et donn\u00e9es personnelles seront sans doute r\u00e9parties et r\u00e9cup\u00e9r\u00e9es sans coh\u00e9rence alors que les capsules affectives permettent de mieux pr\u00e9server votre histoire et signifier ce qui \u00e9tait important pour vous.<span class=\"Apple-converted-space\">\u00a0<\/span><\/p>\n<p>[\/et_pb_accordion_item][et_pb_accordion_item title=\u00a0\u00bbDois-je pr\u00e9venir mes proches que j&rsquo;utilise le service NumHerit ? \u00a0\u00bb _builder_version=\u00a0\u00bb4.27.0&Prime; _module_preset=\u00a0\u00bbdefault\u00a0\u00bb global_colors_info=\u00a0\u00bb{}\u00a0\u00bb open=\u00a0\u00bboff\u00a0\u00bb]<\/p>\n<p>Ce n\u2019est pas obligatoire mais il est pr\u00e9f\u00e9rable de faire savoir que vous utilisez NumHerit \u00e0 au moins un de vos proches afin qu\u2019ils puissent interroger le site s\u2019il arrive quelque chose, aussi qu\u2019ils ne soient pas surpris de recevoir le moment venu une capsule NumHerit.<span class=\"Apple-converted-space\">\u00a0<\/span><\/p>\n<p>[\/et_pb_accordion_item][et_pb_accordion_item title=\u00a0\u00bbPuis-je r\u00e9cup\u00e9rer mes donn\u00e9es \u00e0 tout moment ?\u00a0\u00bb _builder_version=\u00a0\u00bb4.27.0&Prime; _module_preset=\u00a0\u00bbdefault\u00a0\u00bb hover_enabled=\u00a0\u00bb0&Prime; global_colors_info=\u00a0\u00bb{}\u00a0\u00bb open=\u00a0\u00bbon\u00a0\u00bb sticky_enabled=\u00a0\u00bb0&Prime;]<\/p>\n<p>Oui. Les donn\u00e9es sont sur un espace qui vous appartient, \u00e0 tout moment les donn\u00e9es peuvent \u00eatre r\u00e9cup\u00e9r\u00e9es. Pour cela veuillez vous rendre dans la rubrique \u00ab\u00a0Confidentialit\u00e9\u00a0\u00bb de votre compte client Numherit.<\/p>\n<p>[\/et_pb_accordion_item][\/et_pb_accordion][\/et_pb_column][\/et_pb_row][\/et_pb_section]<\/p>\n","protected":false},"excerpt":{"rendered":"<p>Questions &#8211; R\u00e9ponsesNumHerit s\u2019adresse \u00e0 toute personne souhaitant organiser son h\u00e9ritage num\u00e9rique : particuliers, familles, proches aidants, ind\u00e9pendants, ou toute personne soucieuse de simplifier la transmission de ses informations.L\u2019h\u00e9ritage num\u00e9rique d\u00e9signe le processus de succession de l\u2019ensemble des donn\u00e9es num\u00e9riques importantes : informations, comptes, documents et souvenirs num\u00e9riques qu\u2019une personne laisse derri\u00e8re elle.Le processus inclut [&hellip;]<\/p>\n","protected":false},"author":1,"featured_media":0,"parent":0,"menu_order":0,"comment_status":"closed","ping_status":"closed","template":"","meta":{"_et_pb_use_builder":"on","_et_pb_old_content":"<!-- wp:divi\/placeholder \/-->","_et_gb_content_width":"","footnotes":""},"class_list":["post-409","page","type-page","status-publish","hentry"],"_links":{"self":[{"href":"https:\/\/numherit.fr\/index.php?rest_route=\/wp\/v2\/pages\/409","targetHints":{"allow":["GET"]}}],"collection":[{"href":"https:\/\/numherit.fr\/index.php?rest_route=\/wp\/v2\/pages"}],"about":[{"href":"https:\/\/numherit.fr\/index.php?rest_route=\/wp\/v2\/types\/page"}],"author":[{"embeddable":true,"href":"https:\/\/numherit.fr\/index.php?rest_route=\/wp\/v2\/users\/1"}],"replies":[{"embeddable":true,"href":"https:\/\/numherit.fr\/index.php?rest_route=%2Fwp%2Fv2%2Fcomments&post=409"}],"version-history":[{"count":9,"href":"https:\/\/numherit.fr\/index.php?rest_route=\/wp\/v2\/pages\/409\/revisions"}],"predecessor-version":[{"id":671,"href":"https:\/\/numherit.fr\/index.php?rest_route=\/wp\/v2\/pages\/409\/revisions\/671"}],"wp:attachment":[{"href":"https:\/\/numherit.fr\/index.php?rest_route=%2Fwp%2Fv2%2Fmedia&parent=409"}],"curies":[{"name":"wp","href":"https:\/\/api.w.org\/{rel}","templated":true}]}}