{"id":411,"date":"2026-03-03T14:39:47","date_gmt":"2026-03-03T13:39:47","guid":{"rendered":"https:\/\/numherit.fr\/?page_id=411"},"modified":"2026-03-06T10:42:47","modified_gmt":"2026-03-06T09:42:47","slug":"mentions-legales","status":"publish","type":"page","link":"https:\/\/numherit.fr\/?page_id=411","title":{"rendered":"Mentions L\u00e9gales"},"content":{"rendered":"<p>[et_pb_section fb_built=\u00a0\u00bb1&Prime; _builder_version=\u00a0\u00bb4.27.0&Prime; _module_preset=\u00a0\u00bbdefault\u00a0\u00bb background_color=\u00a0\u00bb#FFFFFF\u00a0\u00bb global_colors_info=\u00a0\u00bb{}\u00a0\u00bb][et_pb_row _builder_version=\u00a0\u00bb4.27.0&Prime; _module_preset=\u00a0\u00bbdefault\u00a0\u00bb custom_padding=\u00a0\u00bb0px|||||\u00a0\u00bb global_colors_info=\u00a0\u00bb{}\u00a0\u00bb][et_pb_column type=\u00a0\u00bb4_4&Prime; _builder_version=\u00a0\u00bb4.27.0&Prime; _module_preset=\u00a0\u00bbdefault\u00a0\u00bb global_colors_info=\u00a0\u00bb{}\u00a0\u00bb][et_pb_text _builder_version=\u00a0\u00bb4.27.0&Prime; _module_preset=\u00a0\u00bbdefault\u00a0\u00bb text_font=\u00a0\u00bbSource Sans Pro||||||||\u00a0\u00bb text_font_size=\u00a0\u00bb40px\u00a0\u00bb header_font_size=\u00a0\u00bb1px\u00a0\u00bb global_colors_info=\u00a0\u00bb{}\u00a0\u00bb]<\/p>\n<p><strong>Mentions L\u00e9gales :<\/strong><\/p>\n<p>[\/et_pb_text][et_pb_text _builder_version=\u00a0\u00bb4.27.0&Prime; _module_preset=\u00a0\u00bbdefault\u00a0\u00bb hover_enabled=\u00a0\u00bb0&Prime; global_colors_info=\u00a0\u00bb{}\u00a0\u00bb sticky_enabled=\u00a0\u00bb0&Prime;]<\/p>\n<p><b>\u00c9diteur du site<\/b><\/p>\n<p>Le pr\u00e9sent site internet <a href=\"http:\/\/www.numherit.fr\/\"><span><b>www.numherit.fr<\/b><\/span><\/a> (ci-apr\u00e8s le \u00ab Site \u00bb) est \u00e9dit\u00e9 par :<\/p>\n<p><b>NumHerit SAS<\/b>\u00a0au capital social de <b>1.200 \u20ac<\/b><br \/>Immatricul\u00e9e au Registre du Commerce et des Soci\u00e9t\u00e9s de <b>Paris<\/b> sous le num\u00e9ro de <b>SIREN 945363869<\/b><b><\/b><\/p>\n<p>dont le si\u00e8ge social est situ\u00e9 <b>60 RUE FRANCOIS 1ER, 75008 PARIS<\/b>, et joignable \u00e0 l\u2019adresse <b>contact@numherit.fr<\/b>.<\/p>\n<p>La Plateforme est une <b>solution num\u00e9rique<\/b> permettant aux utilisateurs d\u2019anticiper et d\u2019organiser la transmission de leur patrimoine num\u00e9rique et de leurs donn\u00e9es personnelles apr\u00e8s leur d\u00e9c\u00e8s.<\/p>\n<p>Si\u00e8ge social :<br \/><b>60 RUE FRANCOIS 1ER, 75008 PARIS<\/b><br \/><b><\/b><\/p>\n<p>Email de contact :<br \/><b>contact@numherit.fr<\/b><br \/><b><\/b><\/p>\n<p><b><\/b><\/p>\n<p><b>Directeur de la publication<\/b><\/p>\n<p>Le directeur de la publication du site est :<br \/><b>Richard Quessette<\/b><b><\/b><\/p>\n<p>&nbsp;<\/p>\n<p><b>H\u00e9bergement du site<\/b><\/p>\n<p>Le site est h\u00e9berg\u00e9 par :<\/p>\n<p><span>OVH SAS 2 rue Kellermann &#8211; 59100 Roubaix &#8211; France<\/span><\/p>\n<p><b><\/b><\/p>\n<p><b>Propri\u00e9t\u00e9 intellectuelle<\/b><\/p>\n<p>L\u2019ensemble du contenu pr\u00e9sent sur le site <b>NumHerit<\/b> (textes, images, graphismes, logo, ic\u00f4nes, vid\u00e9os, architecture du site, etc.) est prot\u00e9g\u00e9 par le droit de la propri\u00e9t\u00e9 intellectuelle.<\/p>\n<p>Toute reproduction, repr\u00e9sentation, modification ou adaptation, totale ou partielle, de ces \u00e9l\u00e9ments sans autorisation pr\u00e9alable \u00e9crite de <b>NumHerit<\/b>\u00a0est strictement interdite.<\/p>\n<p>&nbsp;<\/p>\n<p><b>Responsabilit\u00e9<\/b><\/p>\n<p>Les informations diffus\u00e9es sur le site sont fournies \u00e0 titre informatif.<br \/><b>NumHerit <\/b>s\u2019efforce d\u2019assurer leur exactitude mais ne saurait garantir l\u2019absence d\u2019erreurs ou d\u2019omissions.<\/p>\n<p>L\u2019utilisation des informations disponibles sur le site se fait sous la responsabilit\u00e9 exclusive de l\u2019utilisateur.<\/p>\n<p>[\/et_pb_text][\/et_pb_column][\/et_pb_row][\/et_pb_section]<\/p>\n","protected":false},"excerpt":{"rendered":"<p>Mentions L\u00e9gales :\u00c9diteur du site Le pr\u00e9sent site internet www.numherit.fr (ci-apr\u00e8s le \u00ab Site \u00bb) est \u00e9dit\u00e9 par : NumHerit SAS\u00a0au capital social de 1.200 \u20acImmatricul\u00e9e au Registre du Commerce et des Soci\u00e9t\u00e9s de Paris sous le num\u00e9ro de SIREN 945363869 dont le si\u00e8ge social est situ\u00e9 60 RUE FRANCOIS 1ER, 75008 PARIS, et joignable [&hellip;]<\/p>\n","protected":false},"author":1,"featured_media":0,"parent":0,"menu_order":0,"comment_status":"closed","ping_status":"closed","template":"","meta":{"_et_pb_use_builder":"on","_et_pb_old_content":"","_et_gb_content_width":"","footnotes":""},"class_list":["post-411","page","type-page","status-publish","hentry"],"_links":{"self":[{"href":"https:\/\/numherit.fr\/index.php?rest_route=\/wp\/v2\/pages\/411","targetHints":{"allow":["GET"]}}],"collection":[{"href":"https:\/\/numherit.fr\/index.php?rest_route=\/wp\/v2\/pages"}],"about":[{"href":"https:\/\/numherit.fr\/index.php?rest_route=\/wp\/v2\/types\/page"}],"author":[{"embeddable":true,"href":"https:\/\/numherit.fr\/index.php?rest_route=\/wp\/v2\/users\/1"}],"replies":[{"embeddable":true,"href":"https:\/\/numherit.fr\/index.php?rest_route=%2Fwp%2Fv2%2Fcomments&post=411"}],"version-history":[{"count":8,"href":"https:\/\/numherit.fr\/index.php?rest_route=\/wp\/v2\/pages\/411\/revisions"}],"predecessor-version":[{"id":680,"href":"https:\/\/numherit.fr\/index.php?rest_route=\/wp\/v2\/pages\/411\/revisions\/680"}],"wp:attachment":[{"href":"https:\/\/numherit.fr\/index.php?rest_route=%2Fwp%2Fv2%2Fmedia&parent=411"}],"curies":[{"name":"wp","href":"https:\/\/api.w.org\/{rel}","templated":true}]}}