{"id":535,"date":"2026-03-05T00:21:18","date_gmt":"2026-03-04T23:21:18","guid":{"rendered":"https:\/\/numherit.fr\/?page_id=535"},"modified":"2026-03-06T10:45:00","modified_gmt":"2026-03-06T09:45:00","slug":"politique-de-confidentialite-2","status":"publish","type":"page","link":"https:\/\/numherit.fr\/?page_id=535","title":{"rendered":"Politique de Confidentialit\u00e9"},"content":{"rendered":"<p>[et_pb_section fb_built=\u00a0\u00bb1&Prime; _builder_version=\u00a0\u00bb4.27.0&Prime; _module_preset=\u00a0\u00bbdefault\u00a0\u00bb global_colors_info=\u00a0\u00bb{}\u00a0\u00bb][et_pb_row _builder_version=\u00a0\u00bb4.27.0&Prime; _module_preset=\u00a0\u00bbdefault\u00a0\u00bb custom_padding=\u00a0\u00bb0px||0px|||\u00a0\u00bb global_colors_info=\u00a0\u00bb{}\u00a0\u00bb][et_pb_column type=\u00a0\u00bb4_4&Prime; _builder_version=\u00a0\u00bb4.27.0&Prime; _module_preset=\u00a0\u00bbdefault\u00a0\u00bb global_colors_info=\u00a0\u00bb{}\u00a0\u00bb][et_pb_text _builder_version=\u00a0\u00bb4.27.0&Prime; _module_preset=\u00a0\u00bbdefault\u00a0\u00bb text_font=\u00a0\u00bbSource Sans Pro|700|||||||\u00a0\u00bb text_font_size=\u00a0\u00bb50px\u00a0\u00bb global_colors_info=\u00a0\u00bb{}\u00a0\u00bb]<\/p>\n<p>Politique de confidentialit\u00e9<\/p>\n<p>[\/et_pb_text][\/et_pb_column][\/et_pb_row][et_pb_row _builder_version=\u00a0\u00bb4.27.0&Prime; _module_preset=\u00a0\u00bbdefault\u00a0\u00bb global_colors_info=\u00a0\u00bb{}\u00a0\u00bb][et_pb_column type=\u00a0\u00bb4_4&Prime; _builder_version=\u00a0\u00bb4.27.0&Prime; _module_preset=\u00a0\u00bbdefault\u00a0\u00bb global_colors_info=\u00a0\u00bb{}\u00a0\u00bb][et_pb_text _builder_version=\u00a0\u00bb4.27.0&Prime; _module_preset=\u00a0\u00bbdefault\u00a0\u00bb hover_enabled=\u00a0\u00bb0&Prime; global_colors_info=\u00a0\u00bb{}\u00a0\u00bb sticky_enabled=\u00a0\u00bb0&Prime;]<\/p>\n<p><b>Donn\u00e9es collect\u00e9es<\/b><\/p>\n<p>Dans le cadre de l\u2019utilisation du service, les donn\u00e9es suivantes peuvent \u00eatre collect\u00e9es :<\/p>\n<ul>\n<li>identit\u00e9 (nom, pr\u00e9nom)<\/li>\n<li>coordonn\u00e9es (email)<\/li>\n<li>donn\u00e9es li\u00e9es au compte utilisateur<\/li>\n<li>informations renseign\u00e9es volontairement par l\u2019utilisateur<\/li>\n<li>contenus d\u00e9pos\u00e9s dans les capsules num\u00e9riques<\/li>\n<\/ul>\n<p>&nbsp;<\/p>\n<p><b>Finalit\u00e9 du traitement<\/b><\/p>\n<p>Les donn\u00e9es sont collect\u00e9es afin de :<\/p>\n<ul>\n<li>permettre le fonctionnement du service<\/li>\n<li>g\u00e9rer les comptes utilisateurs<\/li>\n<li>assurer la transmission des informations conform\u00e9ment aux choix de l\u2019utilisateur<\/li>\n<li>am\u00e9liorer la plateforme<\/li>\n<\/ul>\n<p>&nbsp;<\/p>\n<p><b>Base l\u00e9gale<\/b><\/p>\n<p>Le traitement des donn\u00e9es repose sur :<\/p>\n<ul>\n<li>le consentement de l\u2019utilisateur<\/li>\n<li>l\u2019ex\u00e9cution du service demand\u00e9<\/li>\n<\/ul>\n<p>&nbsp;<\/p>\n<p><b>Dur\u00e9e de conservation<\/b><\/p>\n<p>Les donn\u00e9es sont conserv\u00e9es pendant la dur\u00e9e d\u2019utilisation du service et selon les obligations l\u00e9gales applicables.<\/p>\n<p>&nbsp;<\/p>\n<p><b>Droits des utilisateurs<\/b><\/p>\n<p>Conform\u00e9ment au <b>R\u00e8glement G\u00e9n\u00e9ral sur la Protection des Donn\u00e9es (RGPD)<\/b>, les utilisateurs disposent des droits suivants :<\/p>\n<ul>\n<li>droit d\u2019acc\u00e8s<\/li>\n<li>droit de rectification<\/li>\n<li>droit d\u2019effacement<\/li>\n<li>droit d\u2019opposition<\/li>\n<li>droit \u00e0 la portabilit\u00e9<\/li>\n<\/ul>\n<p>Les demandes peuvent \u00eatre adress\u00e9es \u00e0 :<\/p>\n<p><b>contact@numherit.fr<\/b><\/p>\n<p>[\/et_pb_text][\/et_pb_column][\/et_pb_row][\/et_pb_section]<\/p>\n","protected":false},"excerpt":{"rendered":"<p>Politique de confidentialit\u00e9Donn\u00e9es collect\u00e9es Dans le cadre de l\u2019utilisation du service, les donn\u00e9es suivantes peuvent \u00eatre collect\u00e9es : identit\u00e9 (nom, pr\u00e9nom) coordonn\u00e9es (email) donn\u00e9es li\u00e9es au compte utilisateur informations renseign\u00e9es volontairement par l\u2019utilisateur contenus d\u00e9pos\u00e9s dans les capsules num\u00e9riques &nbsp; Finalit\u00e9 du traitement Les donn\u00e9es sont collect\u00e9es afin de : permettre le fonctionnement du service [&hellip;]<\/p>\n","protected":false},"author":1,"featured_media":0,"parent":0,"menu_order":0,"comment_status":"closed","ping_status":"closed","template":"","meta":{"_et_pb_use_builder":"on","_et_pb_old_content":"","_et_gb_content_width":"","footnotes":""},"class_list":["post-535","page","type-page","status-publish","hentry"],"_links":{"self":[{"href":"https:\/\/numherit.fr\/index.php?rest_route=\/wp\/v2\/pages\/535","targetHints":{"allow":["GET"]}}],"collection":[{"href":"https:\/\/numherit.fr\/index.php?rest_route=\/wp\/v2\/pages"}],"about":[{"href":"https:\/\/numherit.fr\/index.php?rest_route=\/wp\/v2\/types\/page"}],"author":[{"embeddable":true,"href":"https:\/\/numherit.fr\/index.php?rest_route=\/wp\/v2\/users\/1"}],"replies":[{"embeddable":true,"href":"https:\/\/numherit.fr\/index.php?rest_route=%2Fwp%2Fv2%2Fcomments&post=535"}],"version-history":[{"count":5,"href":"https:\/\/numherit.fr\/index.php?rest_route=\/wp\/v2\/pages\/535\/revisions"}],"predecessor-version":[{"id":682,"href":"https:\/\/numherit.fr\/index.php?rest_route=\/wp\/v2\/pages\/535\/revisions\/682"}],"wp:attachment":[{"href":"https:\/\/numherit.fr\/index.php?rest_route=%2Fwp%2Fv2%2Fmedia&parent=535"}],"curies":[{"name":"wp","href":"https:\/\/api.w.org\/{rel}","templated":true}]}}