{"id":539,"date":"2026-03-05T00:22:52","date_gmt":"2026-03-04T23:22:52","guid":{"rendered":"https:\/\/numherit.fr\/?page_id=539"},"modified":"2026-03-05T01:32:34","modified_gmt":"2026-03-05T00:32:34","slug":"politiques-de-cookies","status":"publish","type":"page","link":"https:\/\/numherit.fr\/?page_id=539","title":{"rendered":"Politiques de Cookies"},"content":{"rendered":"<p>[et_pb_section fb_built=\u00a0\u00bb1&Prime; theme_builder_area=\u00a0\u00bbpost_content\u00a0\u00bb _builder_version=\u00a0\u00bb4.27.0&Prime; _module_preset=\u00a0\u00bbdefault\u00a0\u00bb][et_pb_row _builder_version=\u00a0\u00bb4.27.0&Prime; _module_preset=\u00a0\u00bbdefault\u00a0\u00bb theme_builder_area=\u00a0\u00bbpost_content\u00a0\u00bb custom_padding=\u00a0\u00bb0px||0px|||\u00a0\u00bb][et_pb_column _builder_version=\u00a0\u00bb4.27.0&Prime; _module_preset=\u00a0\u00bbdefault\u00a0\u00bb type=\u00a0\u00bb4_4&Prime; theme_builder_area=\u00a0\u00bbpost_content\u00a0\u00bb][et_pb_text _builder_version=\u00a0\u00bb4.27.0&Prime; _module_preset=\u00a0\u00bbdefault\u00a0\u00bb theme_builder_area=\u00a0\u00bbpost_content\u00a0\u00bb hover_enabled=\u00a0\u00bb0&Prime; sticky_enabled=\u00a0\u00bb0&Prime; text_font_size=\u00a0\u00bb40px\u00a0\u00bb text_font=\u00a0\u00bb|700|||||||\u00a0\u00bb]<\/p>\n<p>Politique relative aux cookies<\/p>\n<p>[\/et_pb_text][et_pb_text _builder_version=\u00a0\u00bb4.27.0&Prime; _module_preset=\u00a0\u00bbdefault\u00a0\u00bb theme_builder_area=\u00a0\u00bbpost_content\u00a0\u00bb hover_enabled=\u00a0\u00bb0&Prime; sticky_enabled=\u00a0\u00bb0&Prime;]<\/p>\n<p><b>Utilisation des cookies<\/b><\/p>\n<p>Le site NumHerit utilise des cookies afin :<\/p>\n<ul>\n<li>d\u2019am\u00e9liorer l\u2019exp\u00e9rience utilisateur<\/li>\n<li>d\u2019analyser l\u2019utilisation du site<\/li>\n<li>de faciliter la navigation<\/li>\n<\/ul>\n<p>&nbsp;<\/p>\n<p><b>Types de cookies utilis\u00e9s<\/b><\/p>\n<p>Les cookies peuvent \u00eatre :<\/p>\n<ul>\n<li>cookies techniques n\u00e9cessaires au fonctionnement du site<\/li>\n<li>cookies analytiques<\/li>\n<li>cookies de mesure d\u2019audience<\/li>\n<\/ul>\n<p>&nbsp;<\/p>\n<p><b>Gestion des cookies<\/b><\/p>\n<p>L\u2019utilisateur peut configurer son navigateur pour refuser ou supprimer les cookies.<\/p>\n<p>Certaines fonctionnalit\u00e9s du site peuvent toutefois \u00eatre affect\u00e9es.<\/p>\n<p>[\/et_pb_text][\/et_pb_column][\/et_pb_row][\/et_pb_section]<\/p>\n","protected":false},"excerpt":{"rendered":"<p>Politique relative aux cookiesUtilisation des cookies Le site NumHerit utilise des cookies afin : d\u2019am\u00e9liorer l\u2019exp\u00e9rience utilisateur d\u2019analyser l\u2019utilisation du site de faciliter la navigation &nbsp; Types de cookies utilis\u00e9s Les cookies peuvent \u00eatre : cookies techniques n\u00e9cessaires au fonctionnement du site cookies analytiques cookies de mesure d\u2019audience &nbsp; Gestion des cookies L\u2019utilisateur peut configurer [&hellip;]<\/p>\n","protected":false},"author":1,"featured_media":0,"parent":0,"menu_order":0,"comment_status":"closed","ping_status":"closed","template":"","meta":{"_et_pb_use_builder":"on","_et_pb_old_content":"","_et_gb_content_width":"","footnotes":""},"class_list":["post-539","page","type-page","status-publish","hentry"],"_links":{"self":[{"href":"https:\/\/numherit.fr\/index.php?rest_route=\/wp\/v2\/pages\/539","targetHints":{"allow":["GET"]}}],"collection":[{"href":"https:\/\/numherit.fr\/index.php?rest_route=\/wp\/v2\/pages"}],"about":[{"href":"https:\/\/numherit.fr\/index.php?rest_route=\/wp\/v2\/types\/page"}],"author":[{"embeddable":true,"href":"https:\/\/numherit.fr\/index.php?rest_route=\/wp\/v2\/users\/1"}],"replies":[{"embeddable":true,"href":"https:\/\/numherit.fr\/index.php?rest_route=%2Fwp%2Fv2%2Fcomments&post=539"}],"version-history":[{"count":3,"href":"https:\/\/numherit.fr\/index.php?rest_route=\/wp\/v2\/pages\/539\/revisions"}],"predecessor-version":[{"id":583,"href":"https:\/\/numherit.fr\/index.php?rest_route=\/wp\/v2\/pages\/539\/revisions\/583"}],"wp:attachment":[{"href":"https:\/\/numherit.fr\/index.php?rest_route=%2Fwp%2Fv2%2Fmedia&parent=539"}],"curies":[{"name":"wp","href":"https:\/\/api.w.org\/{rel}","templated":true}]}}